{"id":6505,"date":"2021-11-21T15:12:46","date_gmt":"2021-11-21T15:12:46","guid":{"rendered":"https:\/\/alberguesananton.raggamuffin.es\/home\/"},"modified":"2024-05-21T10:41:13","modified_gmt":"2024-05-21T10:41:13","slug":"home","status":"publish","type":"page","link":"https:\/\/albergueanton.com\/en\/","title":{"rendered":"Home"},"content":{"rendered":"\t\t<div data-elementor-type=\"wp-page\" data-elementor-id=\"6505\" class=\"elementor elementor-6505 elementor-5796\" data-elementor-post-type=\"page\">\n\t\t\t\t<div class=\"elementor-element elementor-element-9e1a3b7 e-flex e-con-boxed e-con e-parent\" data-id=\"9e1a3b7\" data-element_type=\"container\" data-e-type=\"container\" data-settings=\"{&quot;background_background&quot;:&quot;classic&quot;}\">\n\t\t\t\t\t<div class=\"e-con-inner\">\n\t\t\t\t\t<\/div>\n\t\t\t\t<\/div>\n\t\t<div class=\"elementor-element elementor-element-c58f3bd e-con-full e-flex e-con e-parent\" data-id=\"c58f3bd\" data-element_type=\"container\" data-e-type=\"container\" data-settings=\"{&quot;background_background&quot;:&quot;classic&quot;}\">\n\t\t<div class=\"elementor-element elementor-element-930c2b0 e-con-full e-flex e-con e-child\" data-id=\"930c2b0\" data-element_type=\"container\" data-e-type=\"container\">\n\t\t\t\t<div class=\"elementor-element elementor-element-f2d5fb3 elementor-invisible elementor-widget elementor-widget-image\" data-id=\"f2d5fb3\" data-element_type=\"widget\" data-e-type=\"widget\" data-settings=\"{&quot;_animation&quot;:&quot;fadeInLeft&quot;}\" data-widget_type=\"image.default\">\n\t\t\t\t<div class=\"elementor-widget-container\">\n\t\t\t\t\t\t\t\t\t\t\t\t\t\t\t<img fetchpriority=\"high\" decoding=\"async\" width=\"588\" height=\"768\" src=\"https:\/\/albergueanton.com\/wp-content\/uploads\/2024\/03\/entrada.jpg\" class=\"attachment-large size-large wp-image-6461\" alt=\"albergue en melide\" srcset=\"https:\/\/albergueanton.com\/wp-content\/uploads\/2024\/03\/entrada.jpg 588w, https:\/\/albergueanton.com\/wp-content\/uploads\/2024\/03\/entrada-230x300.jpg 230w\" sizes=\"(max-width: 588px) 100vw, 588px\" \/>\t\t\t\t\t\t\t\t\t\t\t\t\t\t\t<\/div>\n\t\t\t\t<\/div>\n\t\t\t\t<\/div>\n\t\t<div class=\"elementor-element elementor-element-f44d374 e-con-full e-flex e-con e-child\" data-id=\"f44d374\" data-element_type=\"container\" data-e-type=\"container\">\n\t\t\t\t<div class=\"elementor-element elementor-element-1d83be1 elementor-invisible elementor-widget elementor-widget-heading\" data-id=\"1d83be1\" data-element_type=\"widget\" data-e-type=\"widget\" data-settings=\"{&quot;_animation&quot;:&quot;fadeIn&quot;}\" data-widget_type=\"heading.default\">\n\t\t\t\t<div class=\"elementor-widget-container\">\n\t\t\t\t\t<h2 class=\"elementor-heading-title elementor-size-default\">San Ant\u00f3n Hostel<\/h2>\t\t\t\t<\/div>\n\t\t\t\t<\/div>\n\t\t\t\t<div class=\"elementor-element elementor-element-8316d40 elementor-invisible elementor-widget elementor-widget-text-editor\" data-id=\"8316d40\" data-element_type=\"widget\" data-e-type=\"widget\" data-settings=\"{&quot;_animation&quot;:&quot;fadeInRight&quot;}\" data-widget_type=\"text-editor.default\">\n\t\t\t\t<div class=\"elementor-widget-container\">\n\t\t\t\t\t\t\t\t\t<p>Harmonious historical architecture from more than a century ago, comfort, class and convenience make our hostel an oasis of tranquility in the heart of the village, details that make the difference and distinguish us as one of the best hostels on the road. The San Anton Hostel, opened on 10\/04\/2014, has rooms for 36 people, all with the unique style that distinguishes us and the amenities you require. We are also characterized by exclusivity and good service. San Ant\u00f3n Hostel provides a kitchen with kitchenware for the exclusive use of guests, laundry, living-dining room with cafeteria-bar and TV and free wiffi. It also has a 340m2 garden, with sun and shade areas, and a terrace for guests to relax.<\/p>\n\t\t\t\t\t\t\t\t<\/div>\n\t\t\t\t<\/div>\n\t\t<div class=\"elementor-element elementor-element-027cb74 e-flex e-con-boxed e-con e-child\" data-id=\"027cb74\" data-element_type=\"container\" data-e-type=\"container\">\n\t\t\t\t\t<div class=\"e-con-inner\">\n\t\t\t\t<div class=\"elementor-element elementor-element-8257a29 elementor--h-position-center elementor--v-position-middle elementor-arrows-position-inside elementor-pagination-position-inside elementor-widget elementor-widget-slides\" data-id=\"8257a29\" data-element_type=\"widget\" data-e-type=\"widget\" data-settings=\"{&quot;navigation&quot;:&quot;both&quot;,&quot;autoplay&quot;:&quot;yes&quot;,&quot;pause_on_hover&quot;:&quot;yes&quot;,&quot;pause_on_interaction&quot;:&quot;yes&quot;,&quot;autoplay_speed&quot;:5000,&quot;infinite&quot;:&quot;yes&quot;,&quot;transition&quot;:&quot;slide&quot;,&quot;transition_speed&quot;:500}\" data-widget_type=\"slides.default\">\n\t\t\t\t<div class=\"elementor-widget-container\">\n\t\t\t\t\t\t\t\t\t<div class=\"elementor-swiper\">\n\t\t\t\t\t<div class=\"elementor-slides-wrapper elementor-main-swiper swiper\" role=\"region\" aria-roledescription=\"carousel\" aria-label=\"Slides\" dir=\"ltr\" data-animation=\"fadeInUp\">\n\t\t\t\t<div class=\"swiper-wrapper elementor-slides\">\n\t\t\t\t\t\t\t\t\t\t<div class=\"elementor-repeater-item-9f7b981 swiper-slide\" role=\"group\" aria-roledescription=\"slide\"><div class=\"swiper-slide-bg\" role=\"img\" aria-label=\"completo albergue\"><\/div><div class=\"elementor-background-overlay\"><\/div><div class=\"swiper-slide-inner\" ><div class=\"swiper-slide-contents\"><div class=\"elementor-slide-heading\">Services<\/div><div class=\"elementor-slide-description\"><div class=\"columns\">\n<ul class=\"column\">\n<li><i class=\"fas fa-coffee\"><\/i>Cafeteria<\/li>\n<li><i class=\"fas fa-shipping-fast\"><\/i>Transport of backpacks<\/li>\n<li><i class=\"fas fa-wifi\"><\/i>Free WIFI<\/li>\n<li><i class=\"fas fa-first-aid\"><\/i>First Aid Kit<\/li>\n<li><i class=\"fas fa-tshirt\"><\/i>Washing machines<\/li>\n<li><i class=\"fas fa-info-circle\"><\/i>Tourist information<\/li>\n<\/ul>\n<ul class=\"column\">\n<li><i class=\"fas fa-tshirt\"><\/i>Dryers<\/li>\n<li><i class=\"fas fa-chair\"><\/i>Garden with tumboras<\/li>\n<li><i class=\"fas fa-glass-cheers\"><\/i>Bar with garden terrace<\/li>\n<li><i class=\"fas fa-bicycle\"><\/i>Bicycle Parking<\/li>\n<li><i class=\"fas fa-credit-card\"><\/i>Card payment<\/li>\n<\/ul>\n<\/div>\n<\/div><\/div><\/div><\/div>\t\t\t\t<\/div>\n\t\t\t\t\t\t\t<\/div>\n\t\t\t\t<\/div>\n\t\t\t\t\t\t\t\t<\/div>\n\t\t\t\t<\/div>\n\t\t\t\t\t<\/div>\n\t\t\t\t<\/div>\n\t\t<div class=\"elementor-element elementor-element-83cd5bd e-flex e-con-boxed elementor-invisible e-con e-child\" data-id=\"83cd5bd\" data-element_type=\"container\" data-e-type=\"container\" data-settings=\"{&quot;animation&quot;:&quot;fadeInUp&quot;}\">\n\t\t\t\t\t<div class=\"e-con-inner\">\n\t\t\t\t<div class=\"elementor-element elementor-element-f40b36b elementor-align-center e-transform elementor-widget elementor-widget-button\" data-id=\"f40b36b\" data-element_type=\"widget\" data-e-type=\"widget\" data-settings=\"{&quot;_transform_scale_effect_hover&quot;:{&quot;unit&quot;:&quot;px&quot;,&quot;size&quot;:1.1,&quot;sizes&quot;:[]},&quot;_transform_scale_effect_hover_tablet&quot;:{&quot;unit&quot;:&quot;px&quot;,&quot;size&quot;:&quot;&quot;,&quot;sizes&quot;:[]},&quot;_transform_scale_effect_hover_mobile&quot;:{&quot;unit&quot;:&quot;px&quot;,&quot;size&quot;:&quot;&quot;,&quot;sizes&quot;:[]}}\" data-widget_type=\"button.default\">\n\t\t\t\t<div class=\"elementor-widget-container\">\n\t\t\t\t\t\t\t\t\t<div class=\"elementor-button-wrapper\">\n\t\t\t\t\t<a class=\"elementor-button elementor-button-link elementor-size-sm\" href=\"https:\/\/alberguesananton.raggamuffin.es\/reservas\/\">\n\t\t\t\t\t\t<span class=\"elementor-button-content-wrapper\">\n\t\t\t\t\t\t\t\t\t<span class=\"elementor-button-text\">BOOK NOW<\/span>\n\t\t\t\t\t<\/span>\n\t\t\t\t\t<\/a>\n\t\t\t\t<\/div>\n\t\t\t\t\t\t\t\t<\/div>\n\t\t\t\t<\/div>\n\t\t\t\t\t<\/div>\n\t\t\t\t<\/div>\n\t\t\t\t<\/div>\n\t\t\t\t<\/div>\n\t\t<div class=\"elementor-element elementor-element-6255171 e-flex e-con-boxed e-con e-parent\" data-id=\"6255171\" data-element_type=\"container\" data-e-type=\"container\" data-settings=\"{&quot;background_background&quot;:&quot;classic&quot;}\">\n\t\t\t\t\t<div class=\"e-con-inner\">\n\t\t<div class=\"elementor-element elementor-element-27f6372 e-flex e-con-boxed e-con e-child\" data-id=\"27f6372\" data-element_type=\"container\" data-e-type=\"container\">\n\t\t\t\t\t<div class=\"e-con-inner\">\n\t\t\t\t<div class=\"elementor-element elementor-element-0572e07 elementor-headline--style-highlight elementor-widget elementor-widget-animated-headline\" data-id=\"0572e07\" data-element_type=\"widget\" data-e-type=\"widget\" data-settings=\"{&quot;marker&quot;:&quot;underline&quot;,&quot;highlighted_text&quot;:&quot;IS WHAT YOU NEED.&quot;,&quot;headline_style&quot;:&quot;highlight&quot;,&quot;loop&quot;:&quot;yes&quot;,&quot;highlight_animation_duration&quot;:1200,&quot;highlight_iteration_delay&quot;:8000}\" data-widget_type=\"animated-headline.default\">\n\t\t\t\t<div class=\"elementor-widget-container\">\n\t\t\t\t\t\t\t<h3 class=\"elementor-headline\">\n\t\t\t\t\t<span class=\"elementor-headline-plain-text elementor-headline-text-wrapper\">IS MORE THAN A HOSTEL,  <\/span>\n\t\t\t\t<span class=\"elementor-headline-dynamic-wrapper elementor-headline-text-wrapper\">\n\t\t\t\t\t<span class=\"elementor-headline-dynamic-text elementor-headline-text-active\">IS WHAT YOU NEED.<\/span>\n\t\t\t\t<\/span>\n\t\t\t\t<\/h3>\n\t\t\t\t\t\t<\/div>\n\t\t\t\t<\/div>\n\t\t\t\t\t<\/div>\n\t\t\t\t<\/div>\n\t\t\t\t\t<\/div>\n\t\t\t\t<\/div>\n\t\t<div class=\"elementor-element elementor-element-cd58b8b e-flex e-con-boxed e-con e-parent\" data-id=\"cd58b8b\" data-element_type=\"container\" data-e-type=\"container\" data-settings=\"{&quot;background_background&quot;:&quot;classic&quot;}\">\n\t\t\t\t\t<div class=\"e-con-inner\">\n\t\t\t\t<div class=\"elementor-element elementor-element-9f33528 elementor-widget elementor-widget-spacer\" data-id=\"9f33528\" data-element_type=\"widget\" data-e-type=\"widget\" data-widget_type=\"spacer.default\">\n\t\t\t\t<div class=\"elementor-widget-container\">\n\t\t\t\t\t\t\t<div class=\"elementor-spacer\">\n\t\t\t<div class=\"elementor-spacer-inner\"><\/div>\n\t\t<\/div>\n\t\t\t\t\t\t<\/div>\n\t\t\t\t<\/div>\n\t\t\t\t\t<\/div>\n\t\t\t\t<\/div>\n\t\t<div class=\"elementor-element elementor-element-aeeda92 e-flex e-con-boxed e-con e-parent\" data-id=\"aeeda92\" data-element_type=\"container\" data-e-type=\"container\" data-settings=\"{&quot;background_background&quot;:&quot;classic&quot;}\">\n\t\t\t\t\t<div class=\"e-con-inner\">\n\t\t<div class=\"elementor-element elementor-element-0c0107d e-con-full e-flex e-con e-child\" data-id=\"0c0107d\" data-element_type=\"container\" data-e-type=\"container\">\n\t\t\t\t<div class=\"elementor-element elementor-element-1ce1a7b elementor-invisible elementor-widget elementor-widget-text-editor\" data-id=\"1ce1a7b\" data-element_type=\"widget\" data-e-type=\"widget\" data-settings=\"{&quot;_animation&quot;:&quot;fadeIn&quot;}\" data-widget_type=\"text-editor.default\">\n\t\t\t\t<div class=\"elementor-widget-container\">\n\t\t\t\t\t\t\t\t\t<p><span style=\"color: #d48540;\"><strong>What do you think about us?  <\/strong><\/span><\/p>\n<p>Here are some of Google&#8217;s official opinions.<\/p>\n\t\t\t\t\t\t\t\t<\/div>\n\t\t\t\t<\/div>\n\t\t\t\t<\/div>\n\t\t\t\t<div class=\"elementor-element elementor-element-0e2f84a elementor-invisible elementor-widget elementor-widget-shortcode\" data-id=\"0e2f84a\" data-element_type=\"widget\" data-e-type=\"widget\" data-settings=\"{&quot;_animation&quot;:&quot;zoomIn&quot;}\" data-widget_type=\"shortcode.default\">\n\t\t\t\t<div class=\"elementor-widget-container\">\n\t\t\t\t\t\t\t<div class=\"elementor-shortcode\">[grw id=\"5881\"]<\/div>\n\t\t\t\t\t\t<\/div>\n\t\t\t\t<\/div>\n\t\t\t\t\t<\/div>\n\t\t\t\t<\/div>\n\t\t<div class=\"elementor-element elementor-element-e05c980 e-flex e-con-boxed e-con e-parent\" data-id=\"e05c980\" data-element_type=\"container\" data-e-type=\"container\" data-settings=\"{&quot;background_background&quot;:&quot;classic&quot;}\">\n\t\t\t\t\t<div class=\"e-con-inner\">\n\t\t\t\t<div class=\"elementor-element elementor-element-3f7c299 elementor-widget elementor-widget-spacer\" data-id=\"3f7c299\" data-element_type=\"widget\" data-e-type=\"widget\" data-widget_type=\"spacer.default\">\n\t\t\t\t<div class=\"elementor-widget-container\">\n\t\t\t\t\t\t\t<div class=\"elementor-spacer\">\n\t\t\t<div class=\"elementor-spacer-inner\"><\/div>\n\t\t<\/div>\n\t\t\t\t\t\t<\/div>\n\t\t\t\t<\/div>\n\t\t\t\t\t<\/div>\n\t\t\t\t<\/div>\n\t\t<div class=\"elementor-element elementor-element-17664c5 e-flex e-con-boxed e-con e-parent\" data-id=\"17664c5\" data-element_type=\"container\" data-e-type=\"container\" data-settings=\"{&quot;background_background&quot;:&quot;classic&quot;}\">\n\t\t\t\t\t<div class=\"e-con-inner\">\n\t\t\t\t<div class=\"elementor-element elementor-element-8dde20a elementor-widget elementor-widget-image\" data-id=\"8dde20a\" data-element_type=\"widget\" data-e-type=\"widget\" data-widget_type=\"image.default\">\n\t\t\t\t<div class=\"elementor-widget-container\">\n\t\t\t\t\t\t\t\t\t\t\t\t\t\t\t<img decoding=\"async\" width=\"919\" height=\"114\" src=\"https:\/\/albergueanton.com\/wp-content\/uploads\/2024\/02\/KitDigital-removebg-preview.png\" class=\"attachment-large size-large wp-image-6458\" alt=\"\" srcset=\"https:\/\/albergueanton.com\/wp-content\/uploads\/2024\/02\/KitDigital-removebg-preview.png 919w, https:\/\/albergueanton.com\/wp-content\/uploads\/2024\/02\/KitDigital-removebg-preview-300x37.png 300w, https:\/\/albergueanton.com\/wp-content\/uploads\/2024\/02\/KitDigital-removebg-preview-768x95.png 768w\" sizes=\"(max-width: 919px) 100vw, 919px\" \/>\t\t\t\t\t\t\t\t\t\t\t\t\t\t\t<\/div>\n\t\t\t\t<\/div>\n\t\t\t\t<div class=\"elementor-element elementor-element-b84ffd6 elementor-widget elementor-widget-html\" data-id=\"b84ffd6\" data-element_type=\"widget\" data-e-type=\"widget\" data-widget_type=\"html.default\">\n\t\t\t\t<div class=\"elementor-widget-container\">\n\t\t\t\t\t<div class=\"container\">\n  <div class=\"row footer-section\">\n    <div style=\"display: inline-block;\">\n      <div id=\"block-2\" class=\"widget widget_block widget_text\">\n        <p><strong><a style=\"color:#D48540\" href=\"https:\/\/alberguesananton.raggamuffin.es\/en\/privacy-policy\/\">Privacy Policy<\/a><\/strong><\/p>\n      <\/div>\n    <\/div>\n    <div style=\"display: inline-block;\">\n      <div id=\"block-3\" class=\"widget widget_block widget_text\">\n        <p><strong><a style=\"color:#D48540\" href=\"https:\/\/alberguesananton.raggamuffin.es\/en\/accessibility\/\">&nbsp;Accessibility<\/a><\/strong><\/p>\n      <\/div>\n    <\/div>\n    <div style=\"display: inline-block;\">\n      <div id=\"block-4\" class=\"widget widget_block widget_text\">\n        <p><strong><a style=\"color:#D48540\" href=\"https:\/\/alberguesananton.raggamuffin.es\/en\/legal-notice\/\">&nbsp;Legal Notice<\/a><\/strong><\/p>\n      <\/div>\n    <\/div>\n  <\/div>\n<\/div>\t\t\t\t<\/div>\n\t\t\t\t<\/div>\n\t\t\t\t\t<\/div>\n\t\t\t\t<\/div>\n\t\t\t\t<\/div>\n\t\t","protected":false},"excerpt":{"rendered":"<p>San Ant\u00f3n Hostel Harmonious historical architecture from more than a century ago, comfort, class and convenience make our hostel an oasis of tranquility in the heart of the village, details that make the difference and distinguish us as one of the best hostels on the road. The San Anton Hostel, opened on 10\/04\/2014, has rooms [&hellip;]<\/p>\n","protected":false},"author":1,"featured_media":0,"parent":0,"menu_order":0,"comment_status":"closed","ping_status":"closed","template":"","meta":{"_acf_changed":false,"site-sidebar-layout":"no-sidebar","site-content-layout":"page-builder","ast-site-content-layout":"full-width-container","site-content-style":"unboxed","site-sidebar-style":"unboxed","ast-global-header-display":"","ast-banner-title-visibility":"","ast-main-header-display":"","ast-hfb-above-header-display":"","ast-hfb-below-header-display":"","ast-hfb-mobile-header-display":"","site-post-title":"disabled","ast-breadcrumbs-content":"","ast-featured-img":"disabled","footer-sml-layout":"","ast-disable-related-posts":"","theme-transparent-header-meta":"enabled","adv-header-id-meta":"","stick-header-meta":"","header-above-stick-meta":"","header-main-stick-meta":"","header-below-stick-meta":"","astra-migrate-meta-layouts":"default","ast-page-background-enabled":"default","ast-page-background-meta":{"desktop":{"background-color":"var(--ast-global-color-4)","background-image":"","background-repeat":"repeat","background-position":"center center","background-size":"auto","background-attachment":"scroll","background-type":"","background-media":"","overlay-type":"","overlay-color":"","overlay-opacity":"","overlay-gradient":""},"tablet":{"background-color":"","background-image":"","background-repeat":"repeat","background-position":"center center","background-size":"auto","background-attachment":"scroll","background-type":"","background-media":"","overlay-type":"","overlay-color":"","overlay-opacity":"","overlay-gradient":""},"mobile":{"background-color":"","background-image":"","background-repeat":"repeat","background-position":"center center","background-size":"auto","background-attachment":"scroll","background-type":"","background-media":"","overlay-type":"","overlay-color":"","overlay-opacity":"","overlay-gradient":""}},"ast-content-background-meta":{"desktop":{"background-color":"var(--ast-global-color-5)","background-image":"","background-repeat":"repeat","background-position":"center center","background-size":"auto","background-attachment":"scroll","background-type":"","background-media":"","overlay-type":"","overlay-color":"","overlay-opacity":"","overlay-gradient":""},"tablet":{"background-color":"var(--ast-global-color-5)","background-image":"","background-repeat":"repeat","background-position":"center center","background-size":"auto","background-attachment":"scroll","background-type":"","background-media":"","overlay-type":"","overlay-color":"","overlay-opacity":"","overlay-gradient":""},"mobile":{"background-color":"var(--ast-global-color-5)","background-image":"","background-repeat":"repeat","background-position":"center center","background-size":"auto","background-attachment":"scroll","background-type":"","background-media":"","overlay-type":"","overlay-color":"","overlay-opacity":"","overlay-gradient":""}},"footnotes":""},"wf_page_folders":[],"class_list":["post-6505","page","type-page","status-publish","hentry"],"acf":[],"yoast_head":"<!-- This site is optimized with the Yoast SEO plugin v27.2 - https:\/\/yoast.com\/product\/yoast-seo-wordpress\/ -->\n<title>Home - Albergue San Ant\u00f3n<\/title>\n<meta name=\"description\" content=\"Welcome to San Ant\u00f3n Hostel in Coru\u00f1a! Experience the comfort in our hostel located in Melide.\" \/>\n<meta name=\"robots\" content=\"index, follow, max-snippet:-1, max-image-preview:large, max-video-preview:-1\" \/>\n<link rel=\"canonical\" href=\"https:\/\/albergueanton.com\/en\/\" \/>\n<meta property=\"og:locale\" content=\"en_US\" \/>\n<meta property=\"og:type\" content=\"article\" \/>\n<meta property=\"og:title\" content=\"Home - Albergue San Ant\u00f3n\" \/>\n<meta property=\"og:description\" content=\"Welcome to San Ant\u00f3n Hostel in Coru\u00f1a! Experience the comfort in our hostel located in Melide.\" \/>\n<meta property=\"og:url\" content=\"https:\/\/albergueanton.com\/en\/\" \/>\n<meta property=\"og:site_name\" content=\"Albergue San Ant\u00f3n\" \/>\n<meta property=\"article:modified_time\" content=\"2024-05-21T10:41:13+00:00\" \/>\n<meta property=\"og:image\" content=\"https:\/\/alberguesananton.raggamuffin.es\/wp-content\/uploads\/2024\/03\/entrada.jpg\" \/>\n<meta name=\"twitter:card\" content=\"summary_large_image\" \/>\n<meta name=\"twitter:label1\" content=\"Est. reading time\" \/>\n\t<meta name=\"twitter:data1\" content=\"1 minute\" \/>\n<script type=\"application\/ld+json\" class=\"yoast-schema-graph\">{\"@context\":\"https:\/\/schema.org\",\"@graph\":[{\"@type\":\"WebPage\",\"@id\":\"https:\/\/albergueanton.com\/en\/\",\"url\":\"https:\/\/albergueanton.com\/en\/\",\"name\":\"Home - Albergue San Ant\u00f3n\",\"isPartOf\":{\"@id\":\"https:\/\/albergueanton.com\/en\/#website\"},\"primaryImageOfPage\":{\"@id\":\"https:\/\/albergueanton.com\/en\/#primaryimage\"},\"image\":{\"@id\":\"https:\/\/albergueanton.com\/en\/#primaryimage\"},\"thumbnailUrl\":\"https:\/\/alberguesananton.raggamuffin.es\/wp-content\/uploads\/2024\/03\/entrada.jpg\",\"datePublished\":\"2021-11-21T15:12:46+00:00\",\"dateModified\":\"2024-05-21T10:41:13+00:00\",\"description\":\"Welcome to San Ant\u00f3n Hostel in Coru\u00f1a! Experience the comfort in our hostel located in Melide.\",\"breadcrumb\":{\"@id\":\"https:\/\/albergueanton.com\/en\/#breadcrumb\"},\"inLanguage\":\"en-US\",\"potentialAction\":[{\"@type\":\"ReadAction\",\"target\":[\"https:\/\/albergueanton.com\/en\/\"]}]},{\"@type\":\"ImageObject\",\"inLanguage\":\"en-US\",\"@id\":\"https:\/\/albergueanton.com\/en\/#primaryimage\",\"url\":\"https:\/\/alberguesananton.raggamuffin.es\/wp-content\/uploads\/2024\/03\/entrada.jpg\",\"contentUrl\":\"https:\/\/alberguesananton.raggamuffin.es\/wp-content\/uploads\/2024\/03\/entrada.jpg\"},{\"@type\":\"BreadcrumbList\",\"@id\":\"https:\/\/albergueanton.com\/en\/#breadcrumb\",\"itemListElement\":[{\"@type\":\"ListItem\",\"position\":1,\"name\":\"Portada\",\"item\":\"https:\/\/albergueanton.com\/en\/\"},{\"@type\":\"ListItem\",\"position\":2,\"name\":\"Home\"}]},{\"@type\":\"WebSite\",\"@id\":\"https:\/\/albergueanton.com\/en\/#website\",\"url\":\"https:\/\/albergueanton.com\/en\/\",\"name\":\"Albergue San Ant\u00f3n\",\"description\":\"\",\"publisher\":{\"@id\":\"https:\/\/albergueanton.com\/en\/#organization\"},\"potentialAction\":[{\"@type\":\"SearchAction\",\"target\":{\"@type\":\"EntryPoint\",\"urlTemplate\":\"https:\/\/albergueanton.com\/en\/?s={search_term_string}\"},\"query-input\":{\"@type\":\"PropertyValueSpecification\",\"valueRequired\":true,\"valueName\":\"search_term_string\"}}],\"inLanguage\":\"en-US\"},{\"@type\":\"Organization\",\"@id\":\"https:\/\/albergueanton.com\/en\/#organization\",\"name\":\"Albergue San Ant\u00f3n\",\"url\":\"https:\/\/albergueanton.com\/en\/\",\"logo\":{\"@type\":\"ImageObject\",\"inLanguage\":\"en-US\",\"@id\":\"https:\/\/albergueanton.com\/en\/#\/schema\/logo\/image\/\",\"url\":\"https:\/\/albergueanton.com\/wp-content\/uploads\/2024\/03\/cropped-Logo-1.png\",\"contentUrl\":\"https:\/\/albergueanton.com\/wp-content\/uploads\/2024\/03\/cropped-Logo-1.png\",\"width\":403,\"height\":125,\"caption\":\"Albergue San Ant\u00f3n\"},\"image\":{\"@id\":\"https:\/\/albergueanton.com\/en\/#\/schema\/logo\/image\/\"}}]}<\/script>\n<!-- \/ Yoast SEO plugin. -->","yoast_head_json":{"title":"Home - Albergue San Ant\u00f3n","description":"Welcome to San Ant\u00f3n Hostel in Coru\u00f1a! Experience the comfort in our hostel located in Melide.","robots":{"index":"index","follow":"follow","max-snippet":"max-snippet:-1","max-image-preview":"max-image-preview:large","max-video-preview":"max-video-preview:-1"},"canonical":"https:\/\/albergueanton.com\/en\/","og_locale":"en_US","og_type":"article","og_title":"Home - Albergue San Ant\u00f3n","og_description":"Welcome to San Ant\u00f3n Hostel in Coru\u00f1a! Experience the comfort in our hostel located in Melide.","og_url":"https:\/\/albergueanton.com\/en\/","og_site_name":"Albergue San Ant\u00f3n","article_modified_time":"2024-05-21T10:41:13+00:00","og_image":[{"url":"https:\/\/alberguesananton.raggamuffin.es\/wp-content\/uploads\/2024\/03\/entrada.jpg","type":"","width":"","height":""}],"twitter_card":"summary_large_image","twitter_misc":{"Est. reading time":"1 minute"},"schema":{"@context":"https:\/\/schema.org","@graph":[{"@type":"WebPage","@id":"https:\/\/albergueanton.com\/en\/","url":"https:\/\/albergueanton.com\/en\/","name":"Home - Albergue San Ant\u00f3n","isPartOf":{"@id":"https:\/\/albergueanton.com\/en\/#website"},"primaryImageOfPage":{"@id":"https:\/\/albergueanton.com\/en\/#primaryimage"},"image":{"@id":"https:\/\/albergueanton.com\/en\/#primaryimage"},"thumbnailUrl":"https:\/\/alberguesananton.raggamuffin.es\/wp-content\/uploads\/2024\/03\/entrada.jpg","datePublished":"2021-11-21T15:12:46+00:00","dateModified":"2024-05-21T10:41:13+00:00","description":"Welcome to San Ant\u00f3n Hostel in Coru\u00f1a! Experience the comfort in our hostel located in Melide.","breadcrumb":{"@id":"https:\/\/albergueanton.com\/en\/#breadcrumb"},"inLanguage":"en-US","potentialAction":[{"@type":"ReadAction","target":["https:\/\/albergueanton.com\/en\/"]}]},{"@type":"ImageObject","inLanguage":"en-US","@id":"https:\/\/albergueanton.com\/en\/#primaryimage","url":"https:\/\/alberguesananton.raggamuffin.es\/wp-content\/uploads\/2024\/03\/entrada.jpg","contentUrl":"https:\/\/alberguesananton.raggamuffin.es\/wp-content\/uploads\/2024\/03\/entrada.jpg"},{"@type":"BreadcrumbList","@id":"https:\/\/albergueanton.com\/en\/#breadcrumb","itemListElement":[{"@type":"ListItem","position":1,"name":"Portada","item":"https:\/\/albergueanton.com\/en\/"},{"@type":"ListItem","position":2,"name":"Home"}]},{"@type":"WebSite","@id":"https:\/\/albergueanton.com\/en\/#website","url":"https:\/\/albergueanton.com\/en\/","name":"Albergue San Ant\u00f3n","description":"","publisher":{"@id":"https:\/\/albergueanton.com\/en\/#organization"},"potentialAction":[{"@type":"SearchAction","target":{"@type":"EntryPoint","urlTemplate":"https:\/\/albergueanton.com\/en\/?s={search_term_string}"},"query-input":{"@type":"PropertyValueSpecification","valueRequired":true,"valueName":"search_term_string"}}],"inLanguage":"en-US"},{"@type":"Organization","@id":"https:\/\/albergueanton.com\/en\/#organization","name":"Albergue San Ant\u00f3n","url":"https:\/\/albergueanton.com\/en\/","logo":{"@type":"ImageObject","inLanguage":"en-US","@id":"https:\/\/albergueanton.com\/en\/#\/schema\/logo\/image\/","url":"https:\/\/albergueanton.com\/wp-content\/uploads\/2024\/03\/cropped-Logo-1.png","contentUrl":"https:\/\/albergueanton.com\/wp-content\/uploads\/2024\/03\/cropped-Logo-1.png","width":403,"height":125,"caption":"Albergue San Ant\u00f3n"},"image":{"@id":"https:\/\/albergueanton.com\/en\/#\/schema\/logo\/image\/"}}]}},"_links":{"self":[{"href":"https:\/\/albergueanton.com\/en\/wp-json\/wp\/v2\/pages\/6505","targetHints":{"allow":["GET"]}}],"collection":[{"href":"https:\/\/albergueanton.com\/en\/wp-json\/wp\/v2\/pages"}],"about":[{"href":"https:\/\/albergueanton.com\/en\/wp-json\/wp\/v2\/types\/page"}],"author":[{"embeddable":true,"href":"https:\/\/albergueanton.com\/en\/wp-json\/wp\/v2\/users\/1"}],"replies":[{"embeddable":true,"href":"https:\/\/albergueanton.com\/en\/wp-json\/wp\/v2\/comments?post=6505"}],"version-history":[{"count":3,"href":"https:\/\/albergueanton.com\/en\/wp-json\/wp\/v2\/pages\/6505\/revisions"}],"predecessor-version":[{"id":6571,"href":"https:\/\/albergueanton.com\/en\/wp-json\/wp\/v2\/pages\/6505\/revisions\/6571"}],"wp:attachment":[{"href":"https:\/\/albergueanton.com\/en\/wp-json\/wp\/v2\/media?parent=6505"}],"wp:term":[{"taxonomy":"wf_page_folders","embeddable":true,"href":"https:\/\/albergueanton.com\/en\/wp-json\/wp\/v2\/wf_page_folders?post=6505"}],"curies":[{"name":"wp","href":"https:\/\/api.w.org\/{rel}","templated":true}]}}